{"id":166,"date":"2019-07-20T05:16:58","date_gmt":"2019-07-20T05:16:58","guid":{"rendered":"https:\/\/tecnofac.com.br\/?page_id=166"},"modified":"2025-07-15T19:54:25","modified_gmt":"2025-07-15T19:54:25","slug":"mesmerize","status":"publish","type":"page","link":"https:\/\/tecnofac.com.br\/","title":{"rendered":"Front Page"},"content":{"rendered":"\t\t<div data-elementor-type=\"wp-page\" data-elementor-id=\"166\" class=\"elementor elementor-166\" data-elementor-settings=\"{&quot;ha_cmc_init_switcher&quot;:&quot;no&quot;}\">\n\t\t\t\t\t\t<section class=\"elementor-section elementor-top-section elementor-element elementor-element-34a995a elementor-section-boxed elementor-section-height-default elementor-section-height-default exad-glass-effect-no exad-sticky-section-no\" data-id=\"34a995a\" data-element_type=\"section\" data-e-type=\"section\" data-settings=\"{&quot;_ha_eqh_enable&quot;:false}\">\n\t\t\t\t\t\t<div class=\"elementor-container elementor-column-gap-default\">\n\t\t\t\t\t<div class=\"elementor-column elementor-col-100 elementor-top-column elementor-element elementor-element-4c3cc4a exad-glass-effect-no exad-sticky-section-no\" data-id=\"4c3cc4a\" data-element_type=\"column\" data-e-type=\"column\">\n\t\t\t<div class=\"elementor-widget-wrap elementor-element-populated\">\n\t\t\t\t\t\t<div class=\"elementor-element elementor-element-efe9c10 exad-sticky-section-no exad-glass-effect-no elementor-widget elementor-widget-heading\" data-id=\"efe9c10\" data-element_type=\"widget\" data-e-type=\"widget\" data-widget_type=\"heading.default\">\n\t\t\t\t<div class=\"elementor-widget-container\">\n\t\t\t\t\t<h2 class=\"elementor-heading-title elementor-size-default\">NOSSOS SERVI\u00c7OS<\/h2>\t\t\t\t<\/div>\n\t\t\t\t<\/div>\n\t\t\t\t\t<\/div>\n\t\t<\/div>\n\t\t\t\t\t<\/div>\n\t\t<\/section>\n\t\t\t\t<section class=\"elementor-section elementor-top-section elementor-element elementor-element-29c1f25 elementor-section-content-top elementor-section-boxed elementor-section-height-default elementor-section-height-default exad-glass-effect-no exad-sticky-section-no\" data-id=\"29c1f25\" data-element_type=\"section\" data-e-type=\"section\" data-settings=\"{&quot;_ha_eqh_enable&quot;:false}\">\n\t\t\t\t\t\t<div class=\"elementor-container elementor-column-gap-default\">\n\t\t\t\t\t<div class=\"elementor-column elementor-col-25 elementor-top-column elementor-element elementor-element-4fb752d exad-glass-effect-no exad-sticky-section-no\" data-id=\"4fb752d\" data-element_type=\"column\" data-e-type=\"column\">\n\t\t\t<div class=\"elementor-widget-wrap elementor-element-populated\">\n\t\t\t\t\t\t<div class=\"elementor-element elementor-element-147fd0fa ha-card--top ha-card--tablet-top ha-card--mobile-top exad-sticky-section-no exad-glass-effect-no elementor-widget elementor-widget-ha-card happy-addon ha-card\" data-id=\"147fd0fa\" data-element_type=\"widget\" data-e-type=\"widget\" data-widget_type=\"ha-card.default\">\n\t\t\t\t<div class=\"elementor-widget-container\">\n\t\t\t\t\t\n\t\t\t\t\t<figure class=\"ha-card-figure\">\n\t\t\t\t<img fetchpriority=\"high\" decoding=\"async\" width=\"322\" height=\"331\" src=\"https:\/\/tecnofac.com.br\/wp-content\/uploads\/2025\/07\/Group-4.png\" class=\"elementor-animation-float attachment-full size-full wp-image-873\" alt=\"\" srcset=\"https:\/\/tecnofac.com.br\/wp-content\/uploads\/2025\/07\/Group-4.png 322w, https:\/\/tecnofac.com.br\/wp-content\/uploads\/2025\/07\/Group-4-292x300.png 292w\" sizes=\"(max-width: 322px) 100vw, 322px\" \/>\t\t\t\t\t\t\t<\/figure>\n\t\t\n\t\t<div class=\"ha-card-body\">\n\n\t\t\t<h2 class=\"ha-card-title\">Limpeza<\/h2>\n\t\t\t\t\t\t\t<div class=\"ha-card-text\">\n\t\t\t\t\t<p>A limpeza adequada \u00e9 essencial para manter um ambiente produtivo, organizado e receptivo para colaboradores e clientes. Oferecemos servi\u00e7os de limpeza geral com foco em qualidade, regularidade, higiene e seguran\u00e7a, garantindo que cada espa\u00e7o esteja sempre bem cuidado e pronto para o dia a dia da sua empresa.<\/p>\n\t\t\t\t<\/div>\n\t\t\t\n\t\t\t\t\t\t\t<a class=\"ha-btn ha-btn--icon-after\" href=\"https:\/\/tecnofac.com.br\/?page_id=56\"><span class=\"ha-btn-text\">Saiba mais<\/span> <i class=\"ha-btn-icon fas fa-chevron-right\" aria-hidden=\"true\"><\/i><\/a>\n\t\t\t\t\t\t<\/div>\n\t\t\t\t\t\t<\/div>\n\t\t\t\t<\/div>\n\t\t\t\t\t<\/div>\n\t\t<\/div>\n\t\t\t\t<div class=\"elementor-column elementor-col-25 elementor-top-column elementor-element elementor-element-daaf152 exad-glass-effect-no exad-sticky-section-no\" data-id=\"daaf152\" data-element_type=\"column\" data-e-type=\"column\">\n\t\t\t<div class=\"elementor-widget-wrap elementor-element-populated\">\n\t\t\t\t\t\t<div class=\"elementor-element elementor-element-214cf576 ha-card--top ha-card--tablet-top ha-card--mobile-top exad-sticky-section-no exad-glass-effect-no elementor-widget elementor-widget-ha-card happy-addon ha-card\" data-id=\"214cf576\" data-element_type=\"widget\" data-e-type=\"widget\" data-widget_type=\"ha-card.default\">\n\t\t\t\t<div class=\"elementor-widget-container\">\n\t\t\t\t\t\n\t\t\t\t\t<figure class=\"ha-card-figure\">\n\t\t\t\t<img decoding=\"async\" width=\"309\" height=\"322\" src=\"https:\/\/tecnofac.com.br\/wp-content\/uploads\/2025\/07\/Mask-group-1.png\" class=\"elementor-animation-float attachment-full size-full wp-image-874\" alt=\"\" srcset=\"https:\/\/tecnofac.com.br\/wp-content\/uploads\/2025\/07\/Mask-group-1.png 309w, https:\/\/tecnofac.com.br\/wp-content\/uploads\/2025\/07\/Mask-group-1-288x300.png 288w\" sizes=\"(max-width: 309px) 100vw, 309px\" \/>\t\t\t\t\t\t\t<\/figure>\n\t\t\n\t\t<div class=\"ha-card-body\">\n\n\t\t\t<h2 class=\"ha-card-title\">Jardinagem<\/h2>\n\t\t\t\t\t\t\t<div class=\"ha-card-text\">\n\t\t\t\t\t<p>\u00c1reas verdes bem cuidadas valorizam \no ambiente e contribuem para o bem-estar de todos. Oferecemos servi\u00e7os\nde jardinagem com foco em est\u00e9tica, manuten\u00e7\u00e3o e conserva\u00e7\u00e3o, cuidando de cada detalhe para manter seus espa\u00e7os sempre agrad\u00e1veis, organizados e vivos.<\/p>\n\t\t\t\t<\/div>\n\t\t\t\n\t\t\t\t\t\t\t<a class=\"ha-btn ha-btn--icon-after\" href=\"https:\/\/tecnofac.com.br\/?page_id=59\"><span class=\"ha-btn-text\">Saiba mais<\/span> <i class=\"ha-btn-icon fas fa-chevron-right\" aria-hidden=\"true\"><\/i><\/a>\n\t\t\t\t\t\t<\/div>\n\t\t\t\t\t\t<\/div>\n\t\t\t\t<\/div>\n\t\t\t\t\t<\/div>\n\t\t<\/div>\n\t\t\t\t<div class=\"elementor-column elementor-col-25 elementor-top-column elementor-element elementor-element-9e22000 exad-glass-effect-no exad-sticky-section-no\" data-id=\"9e22000\" data-element_type=\"column\" data-e-type=\"column\">\n\t\t\t<div class=\"elementor-widget-wrap elementor-element-populated\">\n\t\t\t\t\t\t<div class=\"elementor-element elementor-element-33fb64a9 ha-card--top ha-card--tablet-top ha-card--mobile-top exad-sticky-section-no exad-glass-effect-no elementor-widget elementor-widget-ha-card happy-addon ha-card\" data-id=\"33fb64a9\" data-element_type=\"widget\" data-e-type=\"widget\" data-widget_type=\"ha-card.default\">\n\t\t\t\t<div class=\"elementor-widget-container\">\n\t\t\t\t\t\n\t\t\t\t\t<figure class=\"ha-card-figure\">\n\t\t\t\t<img decoding=\"async\" width=\"322\" height=\"322\" src=\"https:\/\/tecnofac.com.br\/wp-content\/uploads\/2025\/07\/Mask-group-2.png\" class=\"elementor-animation-float attachment-full size-full wp-image-875\" alt=\"\" srcset=\"https:\/\/tecnofac.com.br\/wp-content\/uploads\/2025\/07\/Mask-group-2.png 322w, https:\/\/tecnofac.com.br\/wp-content\/uploads\/2025\/07\/Mask-group-2-300x300.png 300w, https:\/\/tecnofac.com.br\/wp-content\/uploads\/2025\/07\/Mask-group-2-150x150.png 150w\" sizes=\"(max-width: 322px) 100vw, 322px\" \/>\t\t\t\t\t\t\t<\/figure>\n\t\t\n\t\t<div class=\"ha-card-body\">\n\n\t\t\t<h2 class=\"ha-card-title\">Seguran\u00e7a<\/h2>\n\t\t\t\t\t\t\t<div class=\"ha-card-text\">\n\t\t\t\t\t<p>Oferecemos solu\u00e7\u00f5es em seguran\u00e7a eletr\u00f4nica com venda, instala\u00e7\u00e3o e manuten\u00e7\u00e3o de sistemas voltados \u00e0 prote\u00e7\u00e3o de portarias e ambientes corporativos. Trabalhamos com equipamentos modernos e \nequipe t\u00e9cnica qualificada para \ngarantir controle, preven\u00e7\u00e3o e \u2028tranquilidade  no dia a dia.<\/p>\n\t\t\t\t<\/div>\n\t\t\t\n\t\t\t\t\t\t\t<a class=\"ha-btn ha-btn--icon-after\" href=\"https:\/\/tecnofac.com.br\/?page_id=65\"><span class=\"ha-btn-text\">Saiba mais<\/span> <i class=\"ha-btn-icon fas fa-chevron-right\" aria-hidden=\"true\"><\/i><\/a>\n\t\t\t\t\t\t<\/div>\n\t\t\t\t\t\t<\/div>\n\t\t\t\t<\/div>\n\t\t\t\t\t<\/div>\n\t\t<\/div>\n\t\t\t\t<div class=\"elementor-column elementor-col-25 elementor-top-column elementor-element elementor-element-5670249 exad-glass-effect-no exad-sticky-section-no\" data-id=\"5670249\" data-element_type=\"column\" data-e-type=\"column\">\n\t\t\t<div class=\"elementor-widget-wrap elementor-element-populated\">\n\t\t\t\t\t\t<div class=\"elementor-element elementor-element-65e92bf ha-card--top ha-card--tablet-top ha-card--mobile-top exad-sticky-section-no exad-glass-effect-no elementor-widget elementor-widget-ha-card happy-addon ha-card\" data-id=\"65e92bf\" data-element_type=\"widget\" data-e-type=\"widget\" data-widget_type=\"ha-card.default\">\n\t\t\t\t<div class=\"elementor-widget-container\">\n\t\t\t\t\t\n\t\t\t\t\t<figure class=\"ha-card-figure\">\n\t\t\t\t<img loading=\"lazy\" decoding=\"async\" width=\"322\" height=\"322\" src=\"https:\/\/tecnofac.com.br\/wp-content\/uploads\/2025\/07\/Mask-group-3.png\" class=\"elementor-animation-float attachment-full size-full wp-image-876\" alt=\"\" srcset=\"https:\/\/tecnofac.com.br\/wp-content\/uploads\/2025\/07\/Mask-group-3.png 322w, https:\/\/tecnofac.com.br\/wp-content\/uploads\/2025\/07\/Mask-group-3-300x300.png 300w, https:\/\/tecnofac.com.br\/wp-content\/uploads\/2025\/07\/Mask-group-3-150x150.png 150w\" sizes=\"(max-width: 322px) 100vw, 322px\" \/>\t\t\t\t\t\t\t<\/figure>\n\t\t\n\t\t<div class=\"ha-card-body\">\n\n\t\t\t<h2 class=\"ha-card-title\">Portaria<\/h2>\n\t\t\t\t\t\t\t<div class=\"ha-card-text\">\n\t\t\t\t\t<p>Contamos com equipes treinadas para atuar com efici\u00eancia na recep\u00e7\u00e3o e\u2028no controle de acesso de pessoas \u2028e ve\u00edculos. Com postura profissional \u2028e foco na seguran\u00e7a, garantimos um atendimento cordial e um fluxo organizado, contribuindo para a tranquilidade e o bom funcionamento da sua empresa.<\/p>\n\t\t\t\t<\/div>\n\t\t\t\n\t\t\t\t\t\t\t<a class=\"ha-btn ha-btn--icon-after\" href=\"https:\/\/tecnofac.com.br\/?page_id=62\"><span class=\"ha-btn-text\">Saiba mais<\/span> <i class=\"ha-btn-icon fas fa-chevron-right\" aria-hidden=\"true\"><\/i><\/a>\n\t\t\t\t\t\t<\/div>\n\t\t\t\t\t\t<\/div>\n\t\t\t\t<\/div>\n\t\t\t\t\t<\/div>\n\t\t<\/div>\n\t\t\t\t\t<\/div>\n\t\t<\/section>\n\t\t\t\t<section class=\"elementor-section elementor-top-section elementor-element elementor-element-08bef1d elementor-section-boxed elementor-section-height-default elementor-section-height-default exad-glass-effect-no exad-sticky-section-no\" data-id=\"08bef1d\" data-element_type=\"section\" data-e-type=\"section\" data-settings=\"{&quot;_ha_eqh_enable&quot;:false}\">\n\t\t\t\t\t\t<div class=\"elementor-container elementor-column-gap-default\">\n\t\t\t\t\t<div class=\"elementor-column elementor-col-100 elementor-top-column elementor-element elementor-element-90a8a91 exad-glass-effect-no exad-sticky-section-no\" data-id=\"90a8a91\" data-element_type=\"column\" data-e-type=\"column\">\n\t\t\t<div class=\"elementor-widget-wrap elementor-element-populated\">\n\t\t\t\t\t\t<div class=\"elementor-element elementor-element-b55bb9b exad-sticky-section-no exad-glass-effect-no elementor-widget elementor-widget-image\" data-id=\"b55bb9b\" data-element_type=\"widget\" data-e-type=\"widget\" data-widget_type=\"image.default\">\n\t\t\t\t<div class=\"elementor-widget-container\">\n\t\t\t\t\t\t\t\t\t\t\t\t\t\t\t<img loading=\"lazy\" decoding=\"async\" width=\"1151\" height=\"819\" src=\"https:\/\/tecnofac.com.br\/wp-content\/uploads\/2025\/07\/banner-6.webp\" class=\"attachment-full size-full wp-image-1330\" alt=\"\" srcset=\"https:\/\/tecnofac.com.br\/wp-content\/uploads\/2025\/07\/banner-6.webp 1151w, https:\/\/tecnofac.com.br\/wp-content\/uploads\/2025\/07\/banner-6-300x213.webp 300w, https:\/\/tecnofac.com.br\/wp-content\/uploads\/2025\/07\/banner-6-1024x729.webp 1024w, https:\/\/tecnofac.com.br\/wp-content\/uploads\/2025\/07\/banner-6-768x546.webp 768w\" sizes=\"(max-width: 1151px) 100vw, 1151px\" \/>\t\t\t\t\t\t\t\t\t\t\t\t\t\t\t<\/div>\n\t\t\t\t<\/div>\n\t\t\t\t\t<\/div>\n\t\t<\/div>\n\t\t\t\t\t<\/div>\n\t\t<\/section>\n\t\t\t\t<section class=\"elementor-section elementor-top-section elementor-element elementor-element-98d6936 elementor-section-boxed elementor-section-height-default elementor-section-height-default exad-glass-effect-no exad-sticky-section-no\" data-id=\"98d6936\" data-element_type=\"section\" data-e-type=\"section\" data-settings=\"{&quot;_ha_eqh_enable&quot;:false}\">\n\t\t\t\t\t\t<div class=\"elementor-container elementor-column-gap-default\">\n\t\t\t\t\t<div class=\"elementor-column elementor-col-100 elementor-top-column elementor-element elementor-element-e692d4d exad-glass-effect-no exad-sticky-section-no\" data-id=\"e692d4d\" data-element_type=\"column\" data-e-type=\"column\">\n\t\t\t<div class=\"elementor-widget-wrap elementor-element-populated\">\n\t\t\t\t\t\t<div class=\"elementor-element elementor-element-e16862a exad-sticky-section-no exad-glass-effect-no elementor-widget elementor-widget-image\" data-id=\"e16862a\" data-element_type=\"widget\" data-e-type=\"widget\" data-widget_type=\"image.default\">\n\t\t\t\t<div class=\"elementor-widget-container\">\n\t\t\t\t\t\t\t\t\t\t\t\t\t\t\t<img loading=\"lazy\" decoding=\"async\" width=\"1920\" height=\"724\" src=\"https:\/\/tecnofac.com.br\/wp-content\/uploads\/2025\/07\/banner-7-scaled.webp\" class=\"attachment-full size-full wp-image-1331\" alt=\"\" srcset=\"https:\/\/tecnofac.com.br\/wp-content\/uploads\/2025\/07\/banner-7-scaled.webp 1920w, https:\/\/tecnofac.com.br\/wp-content\/uploads\/2025\/07\/banner-7-300x113.webp 300w, https:\/\/tecnofac.com.br\/wp-content\/uploads\/2025\/07\/banner-7-1024x386.webp 1024w, https:\/\/tecnofac.com.br\/wp-content\/uploads\/2025\/07\/banner-7-768x289.webp 768w, https:\/\/tecnofac.com.br\/wp-content\/uploads\/2025\/07\/banner-7-1536x579.webp 1536w\" sizes=\"(max-width: 1920px) 100vw, 1920px\" \/>\t\t\t\t\t\t\t\t\t\t\t\t\t\t\t<\/div>\n\t\t\t\t<\/div>\n\t\t\t\t\t<\/div>\n\t\t<\/div>\n\t\t\t\t\t<\/div>\n\t\t<\/section>\n\t\t\t\t<\/div>\n\t\t","protected":false},"excerpt":{"rendered":"<p>NOSSOS SERVI\u00c7OS Limpeza A limpeza adequada \u00e9 essencial para manter um ambiente produtivo, organizado e receptivo para colaboradores e clientes. Oferecemos servi\u00e7os de limpeza geral com foco em qualidade, regularidade, higiene e seguran\u00e7a, garantindo que cada espa\u00e7o esteja sempre bem cuidado e pronto para o dia a dia da sua empresa. Saiba mais Jardinagem \u00c1reas&hellip; <br \/> <a class=\"read-more\" href=\"https:\/\/tecnofac.com.br\/\">Leia mais<\/a><\/p>\n","protected":false},"author":1,"featured_media":865,"parent":0,"menu_order":0,"comment_status":"closed","ping_status":"closed","template":"page-templates\/homepage.php","meta":{"_eb_attr":"","footnotes":""},"class_list":["post-166","page","type-page","status-publish","has-post-thumbnail","hentry"],"_links":{"self":[{"href":"https:\/\/tecnofac.com.br\/index.php?rest_route=\/wp\/v2\/pages\/166","targetHints":{"allow":["GET"]}}],"collection":[{"href":"https:\/\/tecnofac.com.br\/index.php?rest_route=\/wp\/v2\/pages"}],"about":[{"href":"https:\/\/tecnofac.com.br\/index.php?rest_route=\/wp\/v2\/types\/page"}],"author":[{"embeddable":true,"href":"https:\/\/tecnofac.com.br\/index.php?rest_route=\/wp\/v2\/users\/1"}],"replies":[{"embeddable":true,"href":"https:\/\/tecnofac.com.br\/index.php?rest_route=%2Fwp%2Fv2%2Fcomments&post=166"}],"version-history":[{"count":278,"href":"https:\/\/tecnofac.com.br\/index.php?rest_route=\/wp\/v2\/pages\/166\/revisions"}],"predecessor-version":[{"id":1342,"href":"https:\/\/tecnofac.com.br\/index.php?rest_route=\/wp\/v2\/pages\/166\/revisions\/1342"}],"wp:featuredmedia":[{"embeddable":true,"href":"https:\/\/tecnofac.com.br\/index.php?rest_route=\/wp\/v2\/media\/865"}],"wp:attachment":[{"href":"https:\/\/tecnofac.com.br\/index.php?rest_route=%2Fwp%2Fv2%2Fmedia&parent=166"}],"curies":[{"name":"wp","href":"https:\/\/api.w.org\/{rel}","templated":true}]}}